{"id":10,"date":"2022-03-09T21:37:40","date_gmt":"2022-03-09T20:37:40","guid":{"rendered":"https:\/\/babiogorskaprzystan.com\/?page_id=10"},"modified":"2022-08-02T19:08:40","modified_gmt":"2022-08-02T17:08:40","slug":"obiekt","status":"publish","type":"page","link":"https:\/\/babiogorskaprzystan.com\/index.php\/obiekt\/","title":{"rendered":"obiekt"},"content":{"rendered":"    <!--[section]-->\n\t\t<style>\n.bd-section-858733835{background-color:#f5f5f5;padding-top:3em;padding-bottom:3em;}\n.bd-section-858733835{\n\tline-height:  30.6px;\n\tcolor:  #dddddd;\n\tfont-size:  18px;\n\tfont-weight:  400;\n}\n.bd-section-858733835 h2{\n\tline-height:  30px;\n\tfont-size:  20px;\n\tfont-weight:  500;\n\tcolor:  #f5f5f5;\n}\n.bd-section-858733835 h1{\n\tline-height:  36px;\n\tfont-size:  30px;\n\tfont-weight:  600;\n\tcolor:  #ffffff;\n}\n<\/style>\t\t<section id=section5 class=\" bd-section-858733835  bd-tagstyles\" data-section-title=\"Two Columns Left Offset Over Image\">\n\t\t\t<div class=\"bd-container-inner bd-margins clearfix\">\n\t\t\t\t<!--{content}-->\n\t\t\t\t\t    <!--[columns]-->\n        <style>\n.bd-layoutcontainer-1978995098 > .bd-container-inner > .container-fluid > .row{height:100%;margin:0px;}\n.bd-layoutcontainer-1978995098 > .bd-container-inner > .container-fluid > .row > div{padding:0px;}\n.bd-layoutcontainer-1978995098  > .bd-container-inner > .container-fluid:after{display:none;}<\/style><style>\n.bd-layoutcontainer-1978995098 > .bd-container-inner > .container-fluid, .bd-layoutcontainer-1978995098 > .bd-container-inner > .container-fluid > .row{height:100%;}<\/style><style>.bd-layoutcontainer-1978995098 > .bd-container-inner > .container-fluid {padding-left: 0; padding-right: 0;margin-left: 0!important; margin-right: 0!important;}<\/style>        <style>\n.bd-layoutcolumn-1940948603{background-attachment:scroll;background-size:cover;background-color:#333333;position:relative;z-index:2;padding:7% 10%;}\n@media (max-width: 767px) {.bd-layoutcolumn-1940948603{padding-right:10%;padding-left:10%;padding-bottom:20%;}}\n\n.bd-layoutcolumn-2137460119{background-color:#333333;min-height:250px;background-image:url(http:\/\/babiogorskaprzystan.com\/wp-content\/uploads\/2022\/08\/a5fa812828031669b1281a53689db9a2_DSC_1977_1.jpg);background-repeat:no-repeat;background-attachment:scroll;background-position:center center;background-size:cover;margin:-2em;border:7px solid #f5f5f5;}\n@media (max-width: 767px) {.bd-layoutcolumn-2137460119{margin:-2em;}}<\/style>        <div class=\" bd-layoutcontainer-1978995098  bd-columns bd-no-margins\">\n            <div class=\"bd-container-inner\">\n                <div class=\"container-fluid\">\n                    <div class=\"row bd-row-flex bd-row-align-middle\">\n                        <!--{content}-->\n                                <!--[column]-->\n        <div class=\"col-lg-5 col-sm-7 bd-columnwrapper-1940948603\">\n            <div class=\"bd-column  bd-layoutcolumn-1940948603 \">\n                <div class=\"bd-vertical-align-wrapper\">\n                    <!--{content}-->\n                        \n    <!--[separator]-->\n    <style>\n.bd-separator-587619946{padding-top:1em;padding-bottom:1em;}<\/style>        <style>\n.bd-separator-587619946 .bd-separator-inner:before, .bd-separator-587619946 .bd-separator-inner:after{border-top:3px solid #ffffff;}<\/style>    <style>\n.bd-separator-587619946 .bd-separator-inner{width:70px;}<\/style>\n    <div class=\" bd-separator-587619946  bd-separator-left bd-separator-content-center clearfix\">\n        <div class=\"bd-container-inner\">\n            <div class=\"bd-separator-inner\">\n                                <!--{content}--><!--{\/content}-->\n            <\/div>\n        <\/div>\n    <\/div>\n    <!--[\/separator]-->\n\n    \n\t\n\t\t    <!--[text]-->\n                <p class=\" additional-class-1635102101  bd-content-element\">\n            <!--{content}-->\n                Przy obiekcie znajduje si\u0119 \u201eskrawek przy rzece\u201d jest dos\u0142ownie minut\u0119 od obiektu. Mamy tam k\u0105pielisko, hu\u015btawki, hamaczki, le\u017caki, a tak\u017ce piaskownic\u0119 \u2013 urocze miejsce.            <br><br>            <!--{\/content}-->\n        <\/p>\n    <!--[\/text]-->\n\n\t\n\t\t\n    <!--[spacer]-->\n    <style>\n.bd-spacer-699338865{height:2em;}<\/style>    <div class=\" bd-spacer-699338865  clearfix\">\n        <!--{content}--><!--{\/content}-->\n    <\/div>\n    <!--[\/spacer]-->\n\n                        <!--{\/content}-->\n                <\/div>\n            <\/div>\n        <\/div>\n    <!--[\/column]-->\n\n\t\n\t\t    <!--[column]-->\n        <div class=\"col-lg-7 col-sm-5 bd-columnwrapper-2137460119\">\n            <div class=\"bd-column  bd-layoutcolumn-2137460119  bd-no-margins\">\n                <div class=\"bd-vertical-align-wrapper\">\n                    <!--{content}-->\n                                            <!--{\/content}-->\n                <\/div>\n            <\/div>\n        <\/div>\n    <!--[\/column]-->\n                        <!--{\/content}-->\n                    <\/div>\n                <\/div>\n            <\/div>\n        <\/div>\n    <!--[\/columns]-->\n\t\t\t\t<!--{\/content}-->\n\t\t\t<\/div>\n\t\t<\/section>\n\t<!--[\/section]-->\n\n    <!--[section]-->\n\t\t<style>\n.bd-section-628628897{background-color:#f5f5f5;padding-top:3em;padding-bottom:3em;}\n.bd-section-628628897{\n\tline-height:  30.6px;\n\tcolor:  #dddddd;\n\tfont-size:  18px;\n\tfont-weight:  400;\n}\n.bd-section-628628897 h2{\n\tline-height:  30px;\n\tfont-size:  20px;\n\tfont-weight:  500;\n\tcolor:  #f5f5f5;\n}\n.bd-section-628628897 h1{\n\tline-height:  36px;\n\tfont-size:  30px;\n\tfont-weight:  600;\n\tcolor:  #ffffff;\n}\n<\/style>\t\t<section id=section5 class=\" bd-section-628628897  bd-tagstyles\" data-section-title=\"Two Columns Left Offset Over Image\">\n\t\t\t<div class=\"bd-container-inner bd-margins clearfix\">\n\t\t\t\t<!--{content}-->\n\t\t\t\t\t    <!--[columns]-->\n        <style>\n.bd-layoutcontainer-40754656 > .bd-container-inner > .container-fluid > .row{height:100%;margin:0px;}\n.bd-layoutcontainer-40754656 > .bd-container-inner > .container-fluid > .row > div{padding:0px;}\n.bd-layoutcontainer-40754656  > .bd-container-inner > .container-fluid:after{display:none;}<\/style><style>\n.bd-layoutcontainer-40754656 > .bd-container-inner > .container-fluid, .bd-layoutcontainer-40754656 > .bd-container-inner > .container-fluid > .row{height:100%;}<\/style><style>.bd-layoutcontainer-40754656 > .bd-container-inner > .container-fluid {padding-left: 0; padding-right: 0;margin-left: 0!important; margin-right: 0!important;}<\/style>        <style>\n.bd-layoutcolumn-1389116056{background-color:#333333;min-height:250px;background-image:url(http:\/\/babiogorskaprzystan.com\/wp-content\/uploads\/2022\/08\/fe44ddac83114f7d54d8ca676380825c_24BF822AC2574A93AEB9CEDB268AAEC1.jpeg);background-repeat:no-repeat;background-attachment:scroll;background-position:center center;background-size:cover;margin:-2em;border:7px solid #f5f5f5;}\n@media (max-width: 767px) {.bd-layoutcolumn-1389116056{margin:-2em;}}\n\n.bd-layoutcolumn-812642387{background-attachment:scroll;background-size:cover;background-color:#333333;position:relative;z-index:2;padding:7% 10%;}\n@media (max-width: 767px) {.bd-layoutcolumn-812642387{padding-right:10%;padding-left:10%;padding-bottom:20%;}}<\/style>        <div class=\" bd-layoutcontainer-40754656  bd-columns bd-no-margins\">\n            <div class=\"bd-container-inner\">\n                <div class=\"container-fluid\">\n                    <div class=\"row bd-row-flex bd-row-align-middle\">\n                        <!--{content}-->\n                                <!--[column]-->\n        <div class=\"col-lg-7 col-sm-5 bd-columnwrapper-1389116056\">\n            <div class=\"bd-column  bd-layoutcolumn-1389116056  bd-no-margins\">\n                <div class=\"bd-vertical-align-wrapper\">\n                    <!--{content}-->\n                                            <!--{\/content}-->\n                <\/div>\n            <\/div>\n        <\/div>\n    <!--[\/column]-->\n\n\t\n\t\t    <!--[column]-->\n        <div class=\"col-lg-5 col-sm-7 bd-columnwrapper-812642387\">\n            <div class=\"bd-column  bd-layoutcolumn-812642387 \">\n                <div class=\"bd-vertical-align-wrapper\">\n                    <!--{content}-->\n                        \n    <!--[separator]-->\n    <style>\n.bd-separator-621397196{padding-top:1em;padding-bottom:1em;}<\/style>        <style>\n.bd-separator-621397196 .bd-separator-inner:before, .bd-separator-621397196 .bd-separator-inner:after{border-top:3px solid #ffffff;}<\/style>    <style>\n.bd-separator-621397196 .bd-separator-inner{width:70px;}<\/style>\n    <div class=\" bd-separator-621397196  bd-separator-left bd-separator-content-center clearfix\">\n        <div class=\"bd-container-inner\">\n            <div class=\"bd-separator-inner\">\n                                <!--{content}--><!--{\/content}-->\n            <\/div>\n        <\/div>\n    <\/div>\n    <!--[\/separator]-->\n\n    \n\t\n\t\t    <!--[text]-->\n                <p class=\" additional-class-337292008  bd-content-element\">\n            <!--{content}-->\n                Oferujemy: swojskie w\u0119dliny w\u0119dzone naturalnie we w\u0142asnej w\u0119dzarni takie jak: kie\u0142basa, kabanos, szynka, schab, boczek oraz pasztet, smalec.&nbsp;Jagody, brusznice, \u017curawin\u0119, korbacze&nbsp; oraz oscypki.            <!--{\/content}-->\n        <\/p>\n    <!--[\/text]-->\n\n\t\n\t\t\n    <!--[spacer]-->\n    <style>\n.bd-spacer-2087163442{height:2em;}<\/style>    <div class=\" bd-spacer-2087163442  clearfix\">\n        <!--{content}--><!--{\/content}-->\n    <\/div>\n    <!--[\/spacer]-->\n\n                        <!--{\/content}-->\n                <\/div>\n            <\/div>\n        <\/div>\n    <!--[\/column]-->\n                        <!--{\/content}-->\n                    <\/div>\n                <\/div>\n            <\/div>\n        <\/div>\n    <!--[\/columns]-->\n\t\t\t\t<!--{\/content}-->\n\t\t\t<\/div>\n\t\t<\/section>\n\t<!--[\/section]-->\n\n    <!--[section]-->\n\t\t<style>\n.bd-section-794824592{background-color:#f5f5f5;padding-top:3em;padding-bottom:3em;}\n.bd-section-794824592{\n\tline-height:  30.6px;\n\tcolor:  #dddddd;\n\tfont-size:  18px;\n\tfont-weight:  400;\n}\n.bd-section-794824592 h2{\n\tline-height:  30px;\n\tfont-size:  20px;\n\tfont-weight:  500;\n\tcolor:  #f5f5f5;\n}\n.bd-section-794824592 h1{\n\tline-height:  36px;\n\tfont-size:  30px;\n\tfont-weight:  600;\n\tcolor:  #ffffff;\n}\n<\/style>\t\t<section id=section5 class=\" bd-section-794824592  bd-tagstyles\" data-section-title=\"Two Columns Left Offset Over Image\">\n\t\t\t<div class=\"bd-container-inner bd-margins clearfix\">\n\t\t\t\t<!--{content}-->\n\t\t\t\t\t    <!--[columns]-->\n        <style>\n.bd-layoutcontainer-1934669815 > .bd-container-inner > .container-fluid > .row{height:100%;margin:0px;}\n.bd-layoutcontainer-1934669815 > .bd-container-inner > .container-fluid > .row > div{padding:0px;}\n.bd-layoutcontainer-1934669815  > .bd-container-inner > .container-fluid:after{display:none;}<\/style><style>\n.bd-layoutcontainer-1934669815 > .bd-container-inner > .container-fluid, .bd-layoutcontainer-1934669815 > .bd-container-inner > .container-fluid > .row{height:100%;}<\/style><style>.bd-layoutcontainer-1934669815 > .bd-container-inner > .container-fluid {padding-left: 0; padding-right: 0;margin-left: 0!important; margin-right: 0!important;}<\/style>        <style>\n.bd-layoutcolumn-823989115{background-attachment:scroll;background-size:cover;background-color:#333333;position:relative;z-index:2;padding:7% 10%;}\n@media (max-width: 767px) {.bd-layoutcolumn-823989115{padding-right:10%;padding-left:10%;padding-bottom:20%;}}\n\n.bd-layoutcolumn-85214580{background-color:#333333;min-height:250px;background-image:url(http:\/\/babiogorskaprzystan.com\/wp-content\/uploads\/2022\/08\/69130111c38618f9f13e63bccb13d10e_DSC_1929_1.jpg);background-repeat:no-repeat;background-attachment:scroll;background-position:center center;background-size:cover;margin:-2em;border:7px solid #f5f5f5;}\n@media (max-width: 767px) {.bd-layoutcolumn-85214580{margin:-2em;}}<\/style>        <div class=\" bd-layoutcontainer-1934669815  bd-columns bd-no-margins\">\n            <div class=\"bd-container-inner\">\n                <div class=\"container-fluid\">\n                    <div class=\"row bd-row-flex bd-row-align-middle\">\n                        <!--{content}-->\n                                <!--[column]-->\n        <div class=\"col-lg-5 col-sm-7 bd-columnwrapper-823989115\">\n            <div class=\"bd-column  bd-layoutcolumn-823989115 \">\n                <div class=\"bd-vertical-align-wrapper\">\n                    <!--{content}-->\n                        \n    <!--[separator]-->\n    <style>\n.bd-separator-818022430{padding-top:1em;padding-bottom:1em;}<\/style>        <style>\n.bd-separator-818022430 .bd-separator-inner:before, .bd-separator-818022430 .bd-separator-inner:after{border-top:3px solid #ffffff;}<\/style>    <style>\n.bd-separator-818022430 .bd-separator-inner{width:70px;}<\/style>\n    <div class=\" bd-separator-818022430  bd-separator-left bd-separator-content-center clearfix\">\n        <div class=\"bd-container-inner\">\n            <div class=\"bd-separator-inner\">\n                                <!--{content}--><!--{\/content}-->\n            <\/div>\n        <\/div>\n    <\/div>\n    <!--[\/separator]-->\n\n    \n\t\n\t\t    <!--[text]-->\n                <p class=\" additional-class-1793623769  bd-content-element\">\n            <!--{content}-->\n                Przy obiekcie znajduje si\u0119 \u201eskrawek przy rzece\u201d jest dos\u0142ownie minut\u0119 od obiektu. Mamy tam k\u0105pielisko, hu\u015btawki, hamaczki, le\u017caki, a tak\u017ce piaskownic\u0119 \u2013 urocze miejsce.            <br><br>            <!--{\/content}-->\n        <\/p>\n    <!--[\/text]-->\n\n\t\n\t\t\n    <!--[spacer]-->\n    <style>\n.bd-spacer-236719986{height:2em;}<\/style>    <div class=\" bd-spacer-236719986  clearfix\">\n        <!--{content}--><!--{\/content}-->\n    <\/div>\n    <!--[\/spacer]-->\n\n                        <!--{\/content}-->\n                <\/div>\n            <\/div>\n        <\/div>\n    <!--[\/column]-->\n\n\t\n\t\t    <!--[column]-->\n        <div class=\"col-lg-7 col-sm-5 bd-columnwrapper-85214580\">\n            <div class=\"bd-column  bd-layoutcolumn-85214580  bd-no-margins\">\n                <div class=\"bd-vertical-align-wrapper\">\n                    <!--{content}-->\n                                            <!--{\/content}-->\n                <\/div>\n            <\/div>\n        <\/div>\n    <!--[\/column]-->\n                        <!--{\/content}-->\n                    <\/div>\n                <\/div>\n            <\/div>\n        <\/div>\n    <!--[\/columns]-->\n\t\t\t\t<!--{\/content}-->\n\t\t\t<\/div>\n\t\t<\/section>\n\t<!--[\/section]-->\n\n    <!--[section]-->\n\t\t<style>\n.bd-section-1852778644{background-color:#f5f5f5;padding-top:3em;padding-bottom:3em;}\n.bd-section-1852778644{\n\tline-height:  30.6px;\n\tcolor:  #dddddd;\n\tfont-size:  18px;\n\tfont-weight:  400;\n}\n.bd-section-1852778644 h2{\n\tline-height:  30px;\n\tfont-size:  20px;\n\tfont-weight:  500;\n\tcolor:  #f5f5f5;\n}\n.bd-section-1852778644 h1{\n\tline-height:  36px;\n\tfont-size:  30px;\n\tfont-weight:  600;\n\tcolor:  #ffffff;\n}\n<\/style>\t\t<section id=section5 class=\" bd-section-1852778644  bd-tagstyles\" data-section-title=\"Two Columns Left Offset Over Image\">\n\t\t\t<div class=\"bd-container-inner bd-margins clearfix\">\n\t\t\t\t<!--{content}-->\n\t\t\t\t\t    <!--[columns]-->\n        <style>\n.bd-layoutcontainer-1527029560 > .bd-container-inner > .container-fluid > .row{height:100%;margin:0px;}\n.bd-layoutcontainer-1527029560 > .bd-container-inner > .container-fluid > .row > div{padding:0px;}\n.bd-layoutcontainer-1527029560  > .bd-container-inner > .container-fluid:after{display:none;}<\/style><style>\n.bd-layoutcontainer-1527029560 > .bd-container-inner > .container-fluid, .bd-layoutcontainer-1527029560 > .bd-container-inner > .container-fluid > .row{height:100%;}<\/style><style>.bd-layoutcontainer-1527029560 > .bd-container-inner > .container-fluid {padding-left: 0; padding-right: 0;margin-left: 0!important; margin-right: 0!important;}<\/style>        <style>\n.bd-layoutcolumn-1996939806{background-color:#333333;min-height:250px;background-image:url(http:\/\/babiogorskaprzystan.com\/wp-content\/uploads\/2022\/08\/6e601d6ed8b4fc1850024d4113820e0e_DSC_1952_1.jpg);background-repeat:no-repeat;background-attachment:scroll;background-position:center center;background-size:cover;margin:-2em;border:7px solid #f5f5f5;}\n@media (max-width: 767px) {.bd-layoutcolumn-1996939806{margin:-2em;}}\n\n.bd-layoutcolumn-457617412{background-attachment:scroll;background-size:cover;background-color:#333333;position:relative;z-index:2;padding:7% 10%;}\n@media (max-width: 767px) {.bd-layoutcolumn-457617412{padding-right:10%;padding-left:10%;padding-bottom:20%;}}<\/style>        <div class=\" bd-layoutcontainer-1527029560  bd-columns bd-no-margins\">\n            <div class=\"bd-container-inner\">\n                <div class=\"container-fluid\">\n                    <div class=\"row bd-row-flex bd-row-align-middle\">\n                        <!--{content}-->\n                                <!--[column]-->\n        <div class=\"col-lg-7 col-sm-5 bd-columnwrapper-1996939806\">\n            <div class=\"bd-column  bd-layoutcolumn-1996939806  bd-no-margins\">\n                <div class=\"bd-vertical-align-wrapper\">\n                    <!--{content}-->\n                                            <!--{\/content}-->\n                <\/div>\n            <\/div>\n        <\/div>\n    <!--[\/column]-->\n\n\t\n\t\t    <!--[column]-->\n        <div class=\"col-lg-5 col-sm-7 bd-columnwrapper-457617412\">\n            <div class=\"bd-column  bd-layoutcolumn-457617412 \">\n                <div class=\"bd-vertical-align-wrapper\">\n                    <!--{content}-->\n                        \n    <!--[separator]-->\n    <style>\n.bd-separator-1344916540{padding-top:1em;padding-bottom:1em;}<\/style>        <style>\n.bd-separator-1344916540 .bd-separator-inner:before, .bd-separator-1344916540 .bd-separator-inner:after{border-top:3px solid #ffffff;}<\/style>    <style>\n.bd-separator-1344916540 .bd-separator-inner{width:70px;}<\/style>\n    <div class=\" bd-separator-1344916540  bd-separator-left bd-separator-content-center clearfix\">\n        <div class=\"bd-container-inner\">\n            <div class=\"bd-separator-inner\">\n                                <!--{content}--><!--{\/content}-->\n            <\/div>\n        <\/div>\n    <\/div>\n    <!--[\/separator]-->\n\n    \n\t\n\t\t    <!--[text]-->\n                <p class=\" additional-class-1004665867  bd-content-element\">\n            <!--{content}-->\n                <br>Jest mo\u017cliwo\u015b\u0107 pe\u0142nego wy\u017cywienia z domowymi posi\u0142kami tworzonymi ze swojskich produkt\u00f3w.&nbsp;<br><br><br><br><br><br><br>            <!--{\/content}-->\n        <\/p>\n    <!--[\/text]-->\n\n\t\n\t\t\n    <!--[spacer]-->\n    <style>\n.bd-spacer-1935663234{height:2em;}<\/style>    <div class=\" bd-spacer-1935663234  clearfix\">\n        <!--{content}--><!--{\/content}-->\n    <\/div>\n    <!--[\/spacer]-->\n\n                        <!--{\/content}-->\n                <\/div>\n            <\/div>\n        <\/div>\n    <!--[\/column]-->\n                        <!--{\/content}-->\n                    <\/div>\n                <\/div>\n            <\/div>\n        <\/div>\n    <!--[\/columns]-->\n\t\t\t\t<!--{\/content}-->\n\t\t\t<\/div>\n\t\t<\/section>\n\t<!--[\/section]-->\n\n","protected":false},"excerpt":{"rendered":"","protected":false},"author":1,"featured_media":0,"parent":0,"menu_order":2,"comment_status":"closed","ping_status":"closed","template":"","meta":{"footnotes":""},"class_list":["post-10","page","type-page","status-publish","hentry"],"_links":{"self":[{"href":"https:\/\/babiogorskaprzystan.com\/index.php\/wp-json\/wp\/v2\/pages\/10","targetHints":{"allow":["GET"]}}],"collection":[{"href":"https:\/\/babiogorskaprzystan.com\/index.php\/wp-json\/wp\/v2\/pages"}],"about":[{"href":"https:\/\/babiogorskaprzystan.com\/index.php\/wp-json\/wp\/v2\/types\/page"}],"author":[{"embeddable":true,"href":"https:\/\/babiogorskaprzystan.com\/index.php\/wp-json\/wp\/v2\/users\/1"}],"replies":[{"embeddable":true,"href":"https:\/\/babiogorskaprzystan.com\/index.php\/wp-json\/wp\/v2\/comments?post=10"}],"version-history":[{"count":44,"href":"https:\/\/babiogorskaprzystan.com\/index.php\/wp-json\/wp\/v2\/pages\/10\/revisions"}],"predecessor-version":[{"id":332,"href":"https:\/\/babiogorskaprzystan.com\/index.php\/wp-json\/wp\/v2\/pages\/10\/revisions\/332"}],"wp:attachment":[{"href":"https:\/\/babiogorskaprzystan.com\/index.php\/wp-json\/wp\/v2\/media?parent=10"}],"curies":[{"name":"wp","href":"https:\/\/api.w.org\/{rel}","templated":true}]}}